{"id":60,"date":"2025-12-04T11:29:46","date_gmt":"2025-12-04T11:29:46","guid":{"rendered":"https:\/\/lacuinade.estic.online\/monicacunill\/?page_id=60"},"modified":"2025-12-04T13:00:18","modified_gmt":"2025-12-04T13:00:18","slug":"sobre-mi","status":"publish","type":"page","link":"https:\/\/monicacunill.com\/index.php\/sobre-mi\/","title":{"rendered":"Sobre mi"},"content":{"rendered":"\t\t<div data-elementor-type=\"wp-page\" data-elementor-id=\"60\" class=\"elementor elementor-60\" data-elementor-post-type=\"page\">\n\t\t\t\t<div class=\"elementor-element elementor-element-7b6c015 e-flex e-con-boxed e-con e-parent\" data-id=\"7b6c015\" data-element_type=\"container\" data-settings=\"{&quot;background_background&quot;:&quot;classic&quot;}\">\n\t\t\t\t\t<div class=\"e-con-inner\">\n\t\t\t\t<div class=\"elementor-element elementor-element-18ac7bb elementor-widget elementor-widget-heading\" data-id=\"18ac7bb\" data-element_type=\"widget\" data-widget_type=\"heading.default\">\n\t\t\t\t\t<h1 class=\"elementor-heading-title elementor-size-default\">Sobre mi<\/h1>\t\t\t\t<\/div>\n\t\t\t\t\t<\/div>\n\t\t\t\t<\/div>\n\t\t<div class=\"elementor-element elementor-element-444e955 e-flex e-con-boxed e-con e-parent\" data-id=\"444e955\" data-element_type=\"container\" data-settings=\"{&quot;background_background&quot;:&quot;classic&quot;}\">\n\t\t\t\t\t<div class=\"e-con-inner\">\n\t\t<div class=\"elementor-element elementor-element-6524445 e-con-full e-flex e-con e-child\" data-id=\"6524445\" data-element_type=\"container\">\n\t\t\t\t<div class=\"elementor-element elementor-element-4341bcc elementor-widget elementor-widget-heading\" data-id=\"4341bcc\" data-element_type=\"widget\" data-widget_type=\"heading.default\">\n\t\t\t\t\t<h5 class=\"elementor-heading-title elementor-size-default\">\u201cLa muerte no pone fin a la relaci\u00f3n, la transforma.\u201d<\/h5>\t\t\t\t<\/div>\n\t\t\t\t<div class=\"elementor-element elementor-element-e59f558 elementor-widget elementor-widget-heading\" data-id=\"e59f558\" data-element_type=\"widget\" data-widget_type=\"heading.default\">\n\t\t\t\t\t<h2 class=\"elementor-heading-title elementor-size-default\">Soy M\u00f2nica Cunill Olivas, doctora en psicolog\u00eda,<\/h2>\t\t\t\t<\/div>\n\t\t\t\t<div class=\"elementor-element elementor-element-ed55d69 elementor-widget elementor-widget-text-editor\" data-id=\"ed55d69\" data-element_type=\"widget\" data-widget_type=\"text-editor.default\">\n\t\t\t\t\t\t\t\t\t<p><span style=\"font-weight: 400;\">docente e investigadora en la Universitat de Girona, especialista en duelo, con m\u00e1s de veinte a\u00f1os de experiencia acompa\u00f1ando a personas y familias que atraviesan p\u00e9rdidas significativas. A lo largo de mi trayectoria he unido el rigor profesional de la psicolog\u00eda con una <\/span><b>mirada humanista y psicoespiritual<\/b><span style=\"font-weight: 400;\">, convencida de que el duelo es mucho m\u00e1s que un proceso de adaptaci\u00f3n: es tambi\u00e9n un viaje de sentido y transformaci\u00f3n interior.<\/span><\/p>\t\t\t\t\t\t\t\t<\/div>\n\t\t\t\t<\/div>\n\t\t<div class=\"elementor-element elementor-element-50cb1df e-con-full e-flex e-con e-child\" data-id=\"50cb1df\" data-element_type=\"container\">\n\t\t\t\t<div class=\"elementor-element elementor-element-0713582 elementor-widget elementor-widget-image\" data-id=\"0713582\" data-element_type=\"widget\" data-widget_type=\"image.default\">\n\t\t\t\t\t\t\t\t\t\t\t\t\t\t\t<img fetchpriority=\"high\" decoding=\"async\" width=\"683\" height=\"911\" src=\"https:\/\/monicacunill.com\/wp-content\/uploads\/2025\/12\/2001030.jpg\" class=\"attachment-large size-large wp-image-26\" alt=\"\" srcset=\"https:\/\/monicacunill.com\/wp-content\/uploads\/2025\/12\/2001030.jpg 683w, https:\/\/monicacunill.com\/wp-content\/uploads\/2025\/12\/2001030-225x300.jpg 225w\" sizes=\"(max-width: 683px) 100vw, 683px\" \/>\t\t\t\t\t\t\t\t\t\t\t\t\t\t\t<\/div>\n\t\t\t\t<\/div>\n\t\t\t\t\t<\/div>\n\t\t\t\t<\/div>\n\t\t<div class=\"elementor-element elementor-element-581cea5 e-con-full e-flex e-con e-parent\" data-id=\"581cea5\" data-element_type=\"container\">\n\t\t\t\t<div class=\"elementor-element elementor-element-92a7a1e elementor-widget-divider--view-line elementor-widget elementor-widget-divider\" data-id=\"92a7a1e\" data-element_type=\"widget\" data-widget_type=\"divider.default\">\n\t\t\t\t\t\t\t<div class=\"elementor-divider\">\n\t\t\t<span class=\"elementor-divider-separator\">\n\t\t\t\t\t\t<\/span>\n\t\t<\/div>\n\t\t\t\t\t\t<\/div>\n\t\t\t\t<\/div>\n\t\t<div class=\"elementor-element elementor-element-58275f8 e-flex e-con-boxed e-con e-parent\" data-id=\"58275f8\" data-element_type=\"container\" data-settings=\"{&quot;background_background&quot;:&quot;classic&quot;}\">\n\t\t\t\t\t<div class=\"e-con-inner\">\n\t\t<div class=\"elementor-element elementor-element-22f872c e-con-full e-flex e-con e-child\" data-id=\"22f872c\" data-element_type=\"container\">\n\t\t<div class=\"elementor-element elementor-element-2181690 e-con-full e-flex e-con e-child\" data-id=\"2181690\" data-element_type=\"container\">\n\t\t\t\t<div class=\"elementor-element elementor-element-a7c4494 elementor-widget elementor-widget-text-editor\" data-id=\"a7c4494\" data-element_type=\"widget\" data-widget_type=\"text-editor.default\">\n\t\t\t\t\t\t\t\t\t<p><span style=\"font-weight: 400;\">Trabajo desde el acompa\u00f1amiento psicoespiritual<\/span><b>,<\/b><span style=\"font-weight: 400;\"> creando espacios de escucha profunda y respeto, donde la persona pueda explorar su dolor, reconocer sus recursos internos y encontrar nuevas formas de conexi\u00f3n con quien ya no est\u00e1 f\u00edsicamente. Un acompa\u00f1amiento que abraza la dimensi\u00f3n emocional, cognitiva, corporal y espiritual, entendiendo que todas ellas se entrelazan en la experiencia del duelo.<\/span><\/p><p><span style=\"font-weight: 400;\">A lo largo de mi carrera he dirigido formaciones universitarias, desarrollado programas de intervenci\u00f3n y ofrecido conferencias para profesionales y p\u00fablico general. Tambi\u00e9n colaboro con medios de comunicaci\u00f3n y entidades para visibilizar la importancia de un cuidado integral en el duelo, especialmente en el \u00e1mbito de los duelos traum\u00e1ticos y desautorizados.<\/span><\/p><p>Mi labor nace del compromiso con lo esencial:\u00a0<span style=\"font-weight: bold;\">honrar la vida en todas sus formas<\/span>, incluso cuando se manifiesta como muerte, vac\u00edo o dolor. Trabajo con personas que transitan\u00a0<span style=\"font-weight: bold;\">duelos conscientes<\/span>, muertes simb\u00f3licas, cierres vitales o momentos de b\u00fasqueda interior, ofreciendo un espacio cuidado donde el alma pueda expresarse, sentirse y abrirse al sentido.<\/p><div>\u00a0<\/div>\t\t\t\t\t\t\t\t<\/div>\n\t\t\t\t<\/div>\n\t\t<div class=\"elementor-element elementor-element-48623a3 e-con-full e-flex e-con e-child\" data-id=\"48623a3\" data-element_type=\"container\">\n\t\t\t\t<div class=\"elementor-element elementor-element-f1da7c9 elementor-widget elementor-widget-text-editor\" data-id=\"f1da7c9\" data-element_type=\"widget\" data-widget_type=\"text-editor.default\">\n\t\t\t\t\t\t\t\t\t<p>Mi enfoque une la <b>psicolog\u00eda profunda, la espiritualidad, la escucha emp\u00e1tica, el cuerpo y el ritual<\/b>, poniendo en el centro el sentido, el v\u00ednculo y el respeto profundo por cada proceso.<\/p><p><span style=\"font-weight: 400;\">Creo en el valor del silencio, en la medicina de la presencia y en el <\/span><b>v\u00ednculo como puente de transformaci\u00f3n<\/b><span style=\"font-weight: 400;\">. <\/span><b>Camino al lado de quien atraviesa un umbral<\/b><span style=\"font-weight: 400;\">, sin juzgar, sin apresurar, confiando en la sabidur\u00eda interna de cada ser.<\/span><\/p><p><span style=\"font-weight: 400;\">Este espacio nace para ofrecerte acompa\u00f1amiento, formaci\u00f3n y herramientas vivenciales en torno al duelo, el v\u00ednculo con los que han partido, y el arte de <\/span><b>renacer cuando todo cambia<\/b><span style=\"font-weight: 400;\">.<\/span><\/p><p><span style=\"font-weight: 400;\">Me mueve el deseo de contribuir a una cultura del duelo m\u00e1s amorosa, presente y conectada.<\/span><\/p>\t\t\t\t\t\t\t\t<\/div>\n\t\t\t\t<\/div>\n\t\t\t\t<\/div>\n\t\t\t\t\t<\/div>\n\t\t\t\t<\/div>\n\t\t<div class=\"elementor-element elementor-element-79fb568 e-con-full e-flex e-con e-parent\" data-id=\"79fb568\" data-element_type=\"container\">\n\t\t\t\t<div class=\"elementor-element elementor-element-b509a51 elementor-widget-divider--view-line elementor-widget elementor-widget-divider\" data-id=\"b509a51\" data-element_type=\"widget\" data-widget_type=\"divider.default\">\n\t\t\t\t\t\t\t<div class=\"elementor-divider\">\n\t\t\t<span class=\"elementor-divider-separator\">\n\t\t\t\t\t\t<\/span>\n\t\t<\/div>\n\t\t\t\t\t\t<\/div>\n\t\t\t\t<\/div>\n\t\t<div class=\"elementor-element elementor-element-e6b06ec e-flex e-con-boxed e-con e-parent\" data-id=\"e6b06ec\" data-element_type=\"container\" data-settings=\"{&quot;background_background&quot;:&quot;classic&quot;}\">\n\t\t\t\t\t<div class=\"e-con-inner\">\n\t\t<div class=\"elementor-element elementor-element-29c3e9c e-con-full e-flex e-con e-child\" data-id=\"29c3e9c\" data-element_type=\"container\">\n\t\t\t\t<div class=\"elementor-element elementor-element-b402feb elementor-widget elementor-widget-heading\" data-id=\"b402feb\" data-element_type=\"widget\" data-widget_type=\"heading.default\">\n\t\t\t\t\t<h5 class=\"elementor-heading-title elementor-size-default\">Mi mirada del duelo.\n<\/h5>\t\t\t\t<\/div>\n\t\t\t\t<div class=\"elementor-element elementor-element-3c947b4 elementor-widget elementor-widget-heading\" data-id=\"3c947b4\" data-element_type=\"widget\" data-widget_type=\"heading.default\">\n\t\t\t\t\t<h2 class=\"elementor-heading-title elementor-size-default\">\n\u201cEl v\u00ednculo continuado: una presencia que transforma\u201d\n<\/h2>\t\t\t\t<\/div>\n\t\t\t\t<div class=\"elementor-element elementor-element-a400a27 elementor-widget elementor-widget-text-editor\" data-id=\"a400a27\" data-element_type=\"widget\" data-widget_type=\"text-editor.default\">\n\t\t\t\t\t\t\t\t\t<p><span style=\"font-weight: 400;\">En el centro de mi manera de acompa\u00f1ar el duelo est\u00e1 el reconocimiento del v\u00ednculo continuado: una conexi\u00f3n simb\u00f3lica, emocional y espiritual con la persona que ya no est\u00e1 f\u00edsicamente, pero que sigue viva en nosotros de otras formas.<\/span><\/p><p><span style=\"font-weight: 400;\">El v\u00ednculo no desaparece con la muerte. Cambia de forma. Y cuando se le permite existir, puede ser una fuente profunda de sentido, consuelo y transformaci\u00f3n. En especial en duelos marcados por el trauma, como el suicidio o la muerte de un hijo, este v\u00ednculo es lo que puede sostenernos cuando todo parece haberse roto.<\/span><\/p><p><span style=\"font-weight: 400;\">Este enfoque no busca negar la p\u00e9rdida, sino honrar la relaci\u00f3n desde lo que queda: los recuerdos, la huella afectiva, los aprendizajes compartidos, las se\u00f1ales, el amor que permanece. A trav\u00e9s de rituals, palabras, s\u00edmbolos o simples gestos cotidianos, aprendemos a construir una relaci\u00f3n nueva y significativa con quien se ha ido, que no anula el dolor, pero lo abraza con presencia y sentido.\u00a0<\/span><\/p>\t\t\t\t\t\t\t\t<\/div>\n\t\t\t\t<\/div>\n\t\t<div class=\"elementor-element elementor-element-0f90be2 e-con-full e-flex e-con e-child\" data-id=\"0f90be2\" data-element_type=\"container\">\n\t\t\t\t<div class=\"elementor-element elementor-element-c38e265 elementor-widget elementor-widget-image\" data-id=\"c38e265\" data-element_type=\"widget\" data-widget_type=\"image.default\">\n\t\t\t\t\t\t\t\t\t\t\t\t\t\t\t<img decoding=\"async\" width=\"768\" height=\"1024\" src=\"https:\/\/monicacunill.com\/wp-content\/uploads\/2025\/12\/jon-tyson-ne2mqMgER8Y-unsplash-768x1024.jpg\" class=\"attachment-large size-large wp-image-36\" alt=\"\" srcset=\"https:\/\/monicacunill.com\/wp-content\/uploads\/2025\/12\/jon-tyson-ne2mqMgER8Y-unsplash-768x1024.jpg 768w, https:\/\/monicacunill.com\/wp-content\/uploads\/2025\/12\/jon-tyson-ne2mqMgER8Y-unsplash-225x300.jpg 225w, https:\/\/monicacunill.com\/wp-content\/uploads\/2025\/12\/jon-tyson-ne2mqMgER8Y-unsplash-1152x1536.jpg 1152w, https:\/\/monicacunill.com\/wp-content\/uploads\/2025\/12\/jon-tyson-ne2mqMgER8Y-unsplash-1536x2048.jpg 1536w, https:\/\/monicacunill.com\/wp-content\/uploads\/2025\/12\/jon-tyson-ne2mqMgER8Y-unsplash-scaled.jpg 1920w\" sizes=\"(max-width: 768px) 100vw, 768px\" \/>\t\t\t\t\t\t\t\t\t\t\t\t\t\t\t<\/div>\n\t\t\t\t<\/div>\n\t\t\t\t\t<\/div>\n\t\t\t\t<\/div>\n\t\t<div class=\"elementor-element elementor-element-cc23aa7 e-flex e-con-boxed e-con e-parent\" data-id=\"cc23aa7\" data-element_type=\"container\" data-settings=\"{&quot;background_background&quot;:&quot;classic&quot;}\">\n\t\t\t\t\t<div class=\"e-con-inner\">\n\t\t<div class=\"elementor-element elementor-element-c4edd0b e-con-full e-flex e-con e-child\" data-id=\"c4edd0b\" data-element_type=\"container\">\n\t\t\t\t<div class=\"elementor-element elementor-element-ca2b278 elementor-widget elementor-widget-image\" data-id=\"ca2b278\" data-element_type=\"widget\" data-widget_type=\"image.default\">\n\t\t\t\t\t\t\t\t\t\t\t\t\t\t\t<img decoding=\"async\" width=\"800\" height=\"534\" src=\"https:\/\/monicacunill.com\/wp-content\/uploads\/2025\/12\/alexei-scutari-5Zg64OwXJg8-unsplash-1024x683.jpg\" class=\"attachment-large size-large wp-image-34\" alt=\"\" srcset=\"https:\/\/monicacunill.com\/wp-content\/uploads\/2025\/12\/alexei-scutari-5Zg64OwXJg8-unsplash-1024x683.jpg 1024w, https:\/\/monicacunill.com\/wp-content\/uploads\/2025\/12\/alexei-scutari-5Zg64OwXJg8-unsplash-300x200.jpg 300w, https:\/\/monicacunill.com\/wp-content\/uploads\/2025\/12\/alexei-scutari-5Zg64OwXJg8-unsplash-768x512.jpg 768w, https:\/\/monicacunill.com\/wp-content\/uploads\/2025\/12\/alexei-scutari-5Zg64OwXJg8-unsplash-1536x1024.jpg 1536w, https:\/\/monicacunill.com\/wp-content\/uploads\/2025\/12\/alexei-scutari-5Zg64OwXJg8-unsplash-2048x1365.jpg 2048w\" sizes=\"(max-width: 800px) 100vw, 800px\" \/>\t\t\t\t\t\t\t\t\t\t\t\t\t\t\t<\/div>\n\t\t\t\t<\/div>\n\t\t<div class=\"elementor-element elementor-element-0dc4280 e-con-full e-flex e-con e-child\" data-id=\"0dc4280\" data-element_type=\"container\">\n\t\t\t\t<div class=\"elementor-element elementor-element-21fcb5c elementor-widget elementor-widget-heading\" data-id=\"21fcb5c\" data-element_type=\"widget\" data-widget_type=\"heading.default\">\n\t\t\t\t\t<h5 class=\"elementor-heading-title elementor-size-default\">Mi mirada del duelo.\n<\/h5>\t\t\t\t<\/div>\n\t\t\t\t<div class=\"elementor-element elementor-element-b482ab3 elementor-widget elementor-widget-heading\" data-id=\"b482ab3\" data-element_type=\"widget\" data-widget_type=\"heading.default\">\n\t\t\t\t\t<h2 class=\"elementor-heading-title elementor-size-default\">Integrando ciencia, espiritualidad y humanidad\n<\/h2>\t\t\t\t<\/div>\n\t\t\t\t<div class=\"elementor-element elementor-element-50c9e38 elementor-widget elementor-widget-text-editor\" data-id=\"50c9e38\" data-element_type=\"widget\" data-widget_type=\"text-editor.default\">\n\t\t\t\t\t\t\t\t\t<p><span style=\"font-weight: 400;\">Esta mirada de los procesos de p\u00e9rdida no solo ampl\u00edan el marco acad\u00e9mico y cl\u00ednico del duelo, sino que proponen una integraci\u00f3n viva entre conocimiento cient\u00edfico, pr\u00e1ctica profesional y experiencia humana profunda.<\/span><\/p>\t\t\t\t\t\t\t\t<\/div>\n\t\t\t\t<\/div>\n\t\t\t\t\t<\/div>\n\t\t\t\t<\/div>\n\t\t<div class=\"elementor-element elementor-element-68cc17b e-flex e-con-boxed e-con e-parent\" data-id=\"68cc17b\" data-element_type=\"container\" data-settings=\"{&quot;background_background&quot;:&quot;classic&quot;}\">\n\t\t\t\t\t<div class=\"e-con-inner\">\n\t\t\t\t<div class=\"elementor-element elementor-element-288d2a5 elementor-widget elementor-widget-heading\" data-id=\"288d2a5\" data-element_type=\"widget\" data-widget_type=\"heading.default\">\n\t\t\t\t\t<h2 class=\"elementor-heading-title elementor-size-default\">Si sientes que este acompa\u00f1amiento resuena contigo, estoy aqu\u00ed para caminar a tu lado.<\/h2>\t\t\t\t<\/div>\n\t\t\t\t<div class=\"elementor-element elementor-element-dd6ddd3 elementor-align-center elementor-widget elementor-widget-button\" data-id=\"dd6ddd3\" data-element_type=\"widget\" data-widget_type=\"button.default\">\n\t\t\t\t\t\t\t\t\t\t<a class=\"elementor-button elementor-button-link elementor-size-sm\" href=\"https:\/\/monicacunill.com\/index.php\/contacto\/\">\n\t\t\t\t\t\t<span class=\"elementor-button-content-wrapper\">\n\t\t\t\t\t\t\t\t\t<span class=\"elementor-button-text\">Pedir cita<\/span>\n\t\t\t\t\t<\/span>\n\t\t\t\t\t<\/a>\n\t\t\t\t\t\t\t\t<\/div>\n\t\t\t\t\t<\/div>\n\t\t\t\t<\/div>\n\t\t\t\t<\/div>\n\t\t","protected":false},"excerpt":{"rendered":"<p>\u201cLa muerte no pone fin a la relaci\u00f3n, la transforma.\u201d Soy M\u00f2nica Cunill Olivas, doctora en psicolog\u00eda, docente e investigadora en la Universitat de Girona, especialista en duelo, con m\u00e1s de veinte a\u00f1os de experiencia acompa\u00f1ando a personas y familias que atraviesan p\u00e9rdidas significativas. A lo largo de mi trayectoria he unido el rigor profesional [&hellip;]<\/p>\n","protected":false},"author":1,"featured_media":0,"parent":0,"menu_order":0,"comment_status":"closed","ping_status":"closed","template":"","meta":{"_acf_changed":false,"footnotes":""},"class_list":["post-60","page","type-page","status-publish","hentry"],"acf":[],"_links":{"self":[{"href":"https:\/\/monicacunill.com\/index.php\/wp-json\/wp\/v2\/pages\/60","targetHints":{"allow":["GET"]}}],"collection":[{"href":"https:\/\/monicacunill.com\/index.php\/wp-json\/wp\/v2\/pages"}],"about":[{"href":"https:\/\/monicacunill.com\/index.php\/wp-json\/wp\/v2\/types\/page"}],"author":[{"embeddable":true,"href":"https:\/\/monicacunill.com\/index.php\/wp-json\/wp\/v2\/users\/1"}],"replies":[{"embeddable":true,"href":"https:\/\/monicacunill.com\/index.php\/wp-json\/wp\/v2\/comments?post=60"}],"version-history":[{"count":10,"href":"https:\/\/monicacunill.com\/index.php\/wp-json\/wp\/v2\/pages\/60\/revisions"}],"predecessor-version":[{"id":189,"href":"https:\/\/monicacunill.com\/index.php\/wp-json\/wp\/v2\/pages\/60\/revisions\/189"}],"wp:attachment":[{"href":"https:\/\/monicacunill.com\/index.php\/wp-json\/wp\/v2\/media?parent=60"}],"curies":[{"name":"wp","href":"https:\/\/api.w.org\/{rel}","templated":true}]}}